{"id":174,"date":"2024-05-29T13:56:24","date_gmt":"2024-05-29T13:56:24","guid":{"rendered":"http:\/\/afudel.cl\/sitio\/?page_id=174"},"modified":"2025-05-28T20:41:33","modified_gmt":"2025-05-28T20:41:33","slug":"afiliacion","status":"publish","type":"page","link":"https:\/\/afudel.cl\/sitio\/nosotros\/afiliacion\/","title":{"rendered":"Afiliaci\u00f3n"},"content":{"rendered":"\n<p>\u00a1Bienvenida a AFUDEL!<\/p>\n\n\n\n<p>Nos complace darte la bienvenida a la Asociaci\u00f3n de Funcionarios de la Universidad de Los Lagos (AFUDEL). Nuestra asociaci\u00f3n est\u00e1 constituida de acuerdo a la Ley de Asociaciones N\u00b019.296 y sus modificaciones, que establecen normas sobre las asociaciones de funcionarios de la Administraci\u00f3n del Estado. La afiliaci\u00f3n a AFUDEL es completamente voluntaria y pueden unirse tanto el personal de contrata como el de planta.<\/p>\n\n\n\n<p>AFUDEL cuenta con un formulario de inscripci\u00f3n que debes completar si deseas unirte. La afiliaci\u00f3n implica un descuento mensual por planilla del 1% de tu sueldo base. Como miembro de AFUDEL, estar\u00e1s respaldado por nuestro Estatuto, el cual detalla nuestra misi\u00f3n, deberes y derechos.<\/p>\n\n\n\n<p>Adem\u00e1s, nos encontramos afiliados a la FENAFUECH (Federaci\u00f3n Nacional de Asociaciones de Funcionarios de Universidades Estatales de Chile), organizaci\u00f3n que participa en la Mesa del Sector P\u00fablico para negociar anualmente con el Ejecutivo sobre beneficios y reajustes.<\/p>\n\n\n\n<p>Adjunto a esta pagina encontrar\u00e1s el formulario de solicitud de afiliaci\u00f3n a AFUDEL. Para completar el proceso de inscripci\u00f3n, necesitamos que proporciones algunos antecedentes. Una vez que hayas completado el formulario, procederemos con la revisi\u00f3n e ingreso de tu solicitud y te enviaremos una notificaci\u00f3n de bienvenida.<\/p>\n\n\n\n<p><\/p>\n\n\n\n<p><\/p>\n\n\n\n<div id=\"wp-block-themeisle-blocks-advanced-columns-c00aadba\" class=\"wp-block-themeisle-blocks-advanced-columns alignfull has-1-columns has-desktop-equal-layout has-tablet-equal-layout has-mobile-collapsedRows-layout has-vertical-center ticss-c00aadba\"><div class=\"wp-block-themeisle-blocks-advanced-columns-overlay\"><\/div><div class=\"innerblocks-wrap\">\n<div id=\"wp-block-themeisle-blocks-advanced-column-41c8770c\" class=\"wp-block-themeisle-blocks-advanced-column\"><div class=\"wp-block-image is-style-rounded\">\n<figure class=\"aligncenter size-full is-resized\"><a href=\"https:\/\/drive.google.com\/file\/d\/1ji5JkJ6CckBhkmslNIY2GlEfPhheUci0\/view?usp=sharing\" target=\"_blank\" rel=\" noreferrer noopener\"><img loading=\"lazy\" decoding=\"async\" width=\"512\" height=\"512\" src=\"http:\/\/afudel.cl\/sitio\/wp-content\/uploads\/2024\/05\/pdf.png\" alt=\"\" class=\"wp-image-212\" style=\"width:104px;height:auto\" srcset=\"https:\/\/afudel.cl\/sitio\/wp-content\/uploads\/2024\/05\/pdf.png 512w, https:\/\/afudel.cl\/sitio\/wp-content\/uploads\/2024\/05\/pdf-300x300.png 300w, https:\/\/afudel.cl\/sitio\/wp-content\/uploads\/2024\/05\/pdf-150x150.png 150w\" sizes=\"auto, (max-width: 512px) 100vw, 512px\" \/><\/a><\/figure>\n<\/div>\n\n\n<p id=\"wp-block-themeisle-blocks-advanced-heading-ad44c57d\" class=\"wp-block-themeisle-blocks-advanced-heading wp-block-themeisle-blocks-advanced-heading-ad44c57d\">Formulario<\/p>\n<\/div>\n<\/div><\/div>\n","protected":false},"excerpt":{"rendered":"<p>\u00a1Bienvenida a AFUDEL! Nos complace darte la bienvenida a la Asociaci\u00f3n de Funcionarios de la Universidad de Los Lagos (AFUDEL). Nuestra asociaci\u00f3n est\u00e1 constituida de acuerdo a la Ley de Asociaciones N\u00b019.296 y sus modificaciones, que establecen normas sobre las asociaciones de funcionarios de la Administraci\u00f3n del Estado. La afiliaci\u00f3n a AFUDEL es completamente voluntaria [&hellip;]<\/p>\n","protected":false},"author":1,"featured_media":0,"parent":35,"menu_order":0,"comment_status":"closed","ping_status":"closed","template":"","meta":{"_themeisle_gutenberg_block_has_review":false,"footnotes":""},"class_list":["post-174","page","type-page","status-publish","hentry"],"_links":{"self":[{"href":"https:\/\/afudel.cl\/sitio\/wp-json\/wp\/v2\/pages\/174","targetHints":{"allow":["GET"]}}],"collection":[{"href":"https:\/\/afudel.cl\/sitio\/wp-json\/wp\/v2\/pages"}],"about":[{"href":"https:\/\/afudel.cl\/sitio\/wp-json\/wp\/v2\/types\/page"}],"author":[{"embeddable":true,"href":"https:\/\/afudel.cl\/sitio\/wp-json\/wp\/v2\/users\/1"}],"replies":[{"embeddable":true,"href":"https:\/\/afudel.cl\/sitio\/wp-json\/wp\/v2\/comments?post=174"}],"version-history":[{"count":4,"href":"https:\/\/afudel.cl\/sitio\/wp-json\/wp\/v2\/pages\/174\/revisions"}],"predecessor-version":[{"id":340,"href":"https:\/\/afudel.cl\/sitio\/wp-json\/wp\/v2\/pages\/174\/revisions\/340"}],"up":[{"embeddable":true,"href":"https:\/\/afudel.cl\/sitio\/wp-json\/wp\/v2\/pages\/35"}],"wp:attachment":[{"href":"https:\/\/afudel.cl\/sitio\/wp-json\/wp\/v2\/media?parent=174"}],"curies":[{"name":"wp","href":"https:\/\/api.w.org\/{rel}","templated":true}]}}