{"id":34,"date":"2023-05-03T19:59:45","date_gmt":"2023-05-03T19:59:45","guid":{"rendered":"http:\/\/afudel.cl\/sitio\/home\/"},"modified":"2025-12-10T13:37:23","modified_gmt":"2025-12-10T13:37:23","slug":"home","status":"publish","type":"page","link":"https:\/\/afudel.cl\/sitio\/","title":{"rendered":"Inicio"},"content":{"rendered":"\n<div class=\"wp-block-query is-layout-flow wp-block-query-is-layout-flow\"><ul class=\"wp-block-post-template is-layout-flow wp-block-post-template-is-layout-flow\"><li class=\"wp-block-post post-411 post type-post status-publish format-standard has-post-thumbnail hentry category-noticias\">\n\n<div class=\"wp-block-columns alignwide is-layout-flex wp-container-core-columns-is-layout-9d6595d7 wp-block-columns-is-layout-flex\">\n<div class=\"wp-block-column is-layout-flow wp-block-column-is-layout-flow\" style=\"flex-basis:66.66%\"><figure class=\"wp-block-post-featured-image\"><a href=\"https:\/\/afudel.cl\/sitio\/mesa-del-sector-publico-exige-definir-reajuste-salarial-antes-de-la-segunda-vuelta-presidencial\/\" target=\"_self\"  ><img loading=\"lazy\" decoding=\"async\" width=\"1024\" height=\"576\" src=\"https:\/\/afudel.cl\/sitio\/wp-content\/uploads\/2025\/12\/MSP-2.jpeg\" class=\"attachment-post-thumbnail size-post-thumbnail wp-post-image\" alt=\"Mesa del Sector P\u00fablico exige definir reajuste salarial antes de la segunda vuelta presidencial\" style=\"object-fit:cover;\" srcset=\"https:\/\/afudel.cl\/sitio\/wp-content\/uploads\/2025\/12\/MSP-2.jpeg 1024w, https:\/\/afudel.cl\/sitio\/wp-content\/uploads\/2025\/12\/MSP-2-300x169.jpeg 300w, https:\/\/afudel.cl\/sitio\/wp-content\/uploads\/2025\/12\/MSP-2-768x432.jpeg 768w\" sizes=\"auto, (max-width: 1024px) 100vw, 1024px\" \/><\/a><\/figure><\/div>\n\n\n\n<div class=\"wp-block-column is-layout-flow wp-block-column-is-layout-flow\" style=\"flex-basis:33.33%\"><h2 class=\"wp-block-post-title\"><a href=\"https:\/\/afudel.cl\/sitio\/mesa-del-sector-publico-exige-definir-reajuste-salarial-antes-de-la-segunda-vuelta-presidencial\/\" target=\"_self\" >Mesa del Sector P\u00fablico exige definir reajuste salarial antes de la segunda vuelta presidencial<\/a><\/h2>\n\n<div class=\"wp-block-post-excerpt\"><p class=\"wp-block-post-excerpt__excerpt\"> <\/p><\/div><\/div>\n<\/div>\n\n<\/li><li class=\"wp-block-post post-408 post type-post status-publish format-standard has-post-thumbnail hentry category-noticias\">\n\n<div class=\"wp-block-columns alignwide is-layout-flex wp-container-core-columns-is-layout-9d6595d7 wp-block-columns-is-layout-flex\">\n<div class=\"wp-block-column is-layout-flow wp-block-column-is-layout-flow\" style=\"flex-basis:66.66%\"><figure class=\"wp-block-post-featured-image\"><a href=\"https:\/\/afudel.cl\/sitio\/mesa-del-sector-publico-entrega-propuesta-de-reajuste-y-mejoramiento-de-condiciones-laborales-2025-2026\/\" target=\"_self\"  ><img loading=\"lazy\" decoding=\"async\" width=\"1439\" height=\"810\" src=\"https:\/\/afudel.cl\/sitio\/wp-content\/uploads\/2025\/12\/mesa.jpg\" class=\"attachment-post-thumbnail size-post-thumbnail wp-post-image\" alt=\"Mesa del Sector P\u00fablico entrega Propuesta de Reajuste y Mejoramiento de Condiciones Laborales 2025-2026\" style=\"object-fit:cover;\" srcset=\"https:\/\/afudel.cl\/sitio\/wp-content\/uploads\/2025\/12\/mesa.jpg 1439w, https:\/\/afudel.cl\/sitio\/wp-content\/uploads\/2025\/12\/mesa-300x169.jpg 300w, https:\/\/afudel.cl\/sitio\/wp-content\/uploads\/2025\/12\/mesa-1024x576.jpg 1024w, https:\/\/afudel.cl\/sitio\/wp-content\/uploads\/2025\/12\/mesa-768x432.jpg 768w\" sizes=\"auto, (max-width: 1439px) 100vw, 1439px\" \/><\/a><\/figure><\/div>\n\n\n\n<div class=\"wp-block-column is-layout-flow wp-block-column-is-layout-flow\" style=\"flex-basis:33.33%\"><h2 class=\"wp-block-post-title\"><a href=\"https:\/\/afudel.cl\/sitio\/mesa-del-sector-publico-entrega-propuesta-de-reajuste-y-mejoramiento-de-condiciones-laborales-2025-2026\/\" target=\"_self\" >Mesa del Sector P\u00fablico entrega Propuesta de Reajuste y Mejoramiento de Condiciones Laborales 2025-2026<\/a><\/h2>\n\n<div class=\"wp-block-post-excerpt\"><p class=\"wp-block-post-excerpt__excerpt\">26 de noviembre de 2025. La Mesa del Sector P\u00fablico (MSP), coordinada por la CUT e integrada por las principales federaciones y asociaciones de trabajadores del Estado, entreg\u00f3 oficialmente al Ejecutivo su Propuesta de Reajuste y Mejoramiento de Condiciones Laborales para el periodo 2025-2026. La gesti\u00f3n de entrega se realiz\u00f3 este mi\u00e9rcoles, marcando el inicio&hellip; <\/p><\/div><\/div>\n<\/div>\n\n<\/li><li class=\"wp-block-post post-371 post type-post status-publish format-standard has-post-thumbnail hentry category-noticias category-uncategorized\">\n\n<div class=\"wp-block-columns alignwide is-layout-flex wp-container-core-columns-is-layout-9d6595d7 wp-block-columns-is-layout-flex\">\n<div class=\"wp-block-column is-layout-flow wp-block-column-is-layout-flow\" style=\"flex-basis:66.66%\"><figure class=\"wp-block-post-featured-image\"><a href=\"https:\/\/afudel.cl\/sitio\/convenio-190-y-ley-karin-en-chile\/\" target=\"_self\"  ><img loading=\"lazy\" decoding=\"async\" width=\"1200\" height=\"675\" src=\"https:\/\/afudel.cl\/sitio\/wp-content\/uploads\/2025\/12\/ley-karin.png__1440x2000_subsampling-2.png\" class=\"attachment-post-thumbnail size-post-thumbnail wp-post-image\" alt=\"Convenio 190 y Ley Karin en Chile\" style=\"object-fit:cover;\" srcset=\"https:\/\/afudel.cl\/sitio\/wp-content\/uploads\/2025\/12\/ley-karin.png__1440x2000_subsampling-2.png 1200w, https:\/\/afudel.cl\/sitio\/wp-content\/uploads\/2025\/12\/ley-karin.png__1440x2000_subsampling-2-300x169.png 300w, https:\/\/afudel.cl\/sitio\/wp-content\/uploads\/2025\/12\/ley-karin.png__1440x2000_subsampling-2-1024x576.png 1024w, https:\/\/afudel.cl\/sitio\/wp-content\/uploads\/2025\/12\/ley-karin.png__1440x2000_subsampling-2-768x432.png 768w\" sizes=\"auto, (max-width: 1200px) 100vw, 1200px\" \/><\/a><\/figure><\/div>\n\n\n\n<div class=\"wp-block-column is-layout-flow wp-block-column-is-layout-flow\" style=\"flex-basis:33.33%\"><h2 class=\"wp-block-post-title\"><a href=\"https:\/\/afudel.cl\/sitio\/convenio-190-y-ley-karin-en-chile\/\" target=\"_self\" >Convenio 190 y Ley Karin en Chile<\/a><\/h2>\n\n<div class=\"wp-block-post-excerpt\"><p class=\"wp-block-post-excerpt__excerpt\">Convenio 190 y Ley Karin en Chile Evaluaci\u00f3n de brechas, protocolos y recomendaciones para su aplicaci\u00f3nen los sectores de educaci\u00f3n, salud, transporte e informales. Proyecto de segunda investigaci\u00f3n Vicepresidencia Mujer \u2013 Mutual de Seguridad de la CChC: Implementaci\u00f3n del convenio 190 de la OIT en Chile Este estudio, liderado por la Vicepresidencia de la Mujer&hellip; <\/p><\/div><\/div>\n<\/div>\n\n<\/li><\/ul><\/div>\n\n\n\n<div id=\"wp-block-themeisle-blocks-advanced-columns-dfd643f3\" class=\"wp-block-themeisle-blocks-advanced-columns alignfull has-3-columns has-desktop-equal-layout has-tablet-equal-layout has-mobile-collapsedRows-layout has-reverse-columns-mobile has-vertical-center ticss-c00aadba\"><div class=\"wp-block-themeisle-blocks-advanced-columns-overlay\"><\/div><div class=\"innerblocks-wrap\">\n<div id=\"wp-block-themeisle-blocks-advanced-column-127ec10e\" class=\"wp-block-themeisle-blocks-advanced-column\">\n<div class=\"wp-block-cover\"><img loading=\"lazy\" decoding=\"async\" width=\"225\" height=\"225\" class=\"wp-block-cover__image-background wp-image-419 size-full\" alt=\"\" src=\"https:\/\/afudel.cl\/sitio\/wp-content\/uploads\/2025\/12\/oit.jpeg\" data-object-fit=\"cover\" srcset=\"https:\/\/afudel.cl\/sitio\/wp-content\/uploads\/2025\/12\/oit.jpeg 225w, https:\/\/afudel.cl\/sitio\/wp-content\/uploads\/2025\/12\/oit-150x150.jpeg 150w\" sizes=\"auto, (max-width: 225px) 100vw, 225px\" \/><span aria-hidden=\"true\" class=\"wp-block-cover__background has-background-dim\" style=\"background-color:#6d73c7\"><\/span><div class=\"wp-block-cover__inner-container is-layout-flow wp-block-cover-is-layout-flow\">\n<h2 class=\"wp-block-heading has-text-align-center has-white-color has-text-color\" id=\"people\">OIT<\/h2>\n\n\n\n<div class=\"wp-block-buttons is-content-justification-center is-layout-flex wp-container-core-buttons-is-layout-16018d1d wp-block-buttons-is-layout-flex\">\n<div class=\"wp-block-button is-style-primary\"><a class=\"wp-block-button__link wp-element-button\">Leer<\/a><\/div>\n<\/div>\n<\/div><\/div>\n<\/div>\n\n\n\n<div id=\"wp-block-themeisle-blocks-advanced-column-eefb8312\" class=\"wp-block-themeisle-blocks-advanced-column\">\n<div class=\"wp-block-cover\"><img loading=\"lazy\" decoding=\"async\" width=\"270\" height=\"186\" class=\"wp-block-cover__image-background wp-image-417 size-full\" alt=\"\" src=\"https:\/\/afudel.cl\/sitio\/wp-content\/uploads\/2025\/12\/david.jpeg\" style=\"object-position:79% 55%\" data-object-fit=\"cover\" data-object-position=\"79% 55%\"\/><span aria-hidden=\"true\" class=\"wp-block-cover__background has-background-dim\" style=\"background-color:#6e6e6f\"><\/span><div class=\"wp-block-cover__inner-container is-layout-flow wp-block-cover-is-layout-flow\">\n<h2 class=\"wp-block-heading has-text-align-center has-white-color has-text-color\" id=\"buildings\">Feanafuech<\/h2>\n\n\n\n<div class=\"wp-block-buttons is-content-justification-center is-layout-flex wp-container-core-buttons-is-layout-16018d1d wp-block-buttons-is-layout-flex\">\n<div class=\"wp-block-button is-style-primary\"><a class=\"wp-block-button__link wp-element-button\">Leer<\/a><\/div>\n<\/div>\n<\/div><\/div>\n<\/div>\n\n\n\n<div id=\"wp-block-themeisle-blocks-advanced-column-9136d16a\" class=\"wp-block-themeisle-blocks-advanced-column\">\n<div class=\"wp-block-cover is-light\"><img loading=\"lazy\" decoding=\"async\" width=\"980\" height=\"783\" class=\"wp-block-cover__image-background wp-image-416 size-full\" alt=\"\" src=\"https:\/\/afudel.cl\/sitio\/wp-content\/uploads\/2025\/12\/cut.jpeg\" data-object-fit=\"cover\" srcset=\"https:\/\/afudel.cl\/sitio\/wp-content\/uploads\/2025\/12\/cut.jpeg 980w, https:\/\/afudel.cl\/sitio\/wp-content\/uploads\/2025\/12\/cut-300x240.jpeg 300w, https:\/\/afudel.cl\/sitio\/wp-content\/uploads\/2025\/12\/cut-768x614.jpeg 768w\" sizes=\"auto, (max-width: 980px) 100vw, 980px\" \/><span aria-hidden=\"true\" class=\"wp-block-cover__background has-background-dim\" style=\"background-color:#8a7e74\"><\/span><div class=\"wp-block-cover__inner-container is-layout-flow wp-block-cover-is-layout-flow\">\n<h2 class=\"wp-block-heading has-text-align-center has-white-color has-text-color\" id=\"nature\">CUT<\/h2>\n\n\n\n<div class=\"wp-block-buttons is-content-justification-center is-layout-flex wp-container-core-buttons-is-layout-16018d1d wp-block-buttons-is-layout-flex\">\n<div class=\"wp-block-button is-style-primary\"><a class=\"wp-block-button__link wp-element-button\">Leer<\/a><\/div>\n<\/div>\n<\/div><\/div>\n<\/div>\n<\/div><\/div>\n","protected":false},"excerpt":{"rendered":"","protected":false},"author":0,"featured_media":0,"parent":0,"menu_order":0,"comment_status":"closed","ping_status":"closed","template":"","meta":{"_themeisle_gutenberg_block_has_review":false,"footnotes":""},"class_list":["post-34","page","type-page","status-publish","hentry"],"_links":{"self":[{"href":"https:\/\/afudel.cl\/sitio\/wp-json\/wp\/v2\/pages\/34","targetHints":{"allow":["GET"]}}],"collection":[{"href":"https:\/\/afudel.cl\/sitio\/wp-json\/wp\/v2\/pages"}],"about":[{"href":"https:\/\/afudel.cl\/sitio\/wp-json\/wp\/v2\/types\/page"}],"replies":[{"embeddable":true,"href":"https:\/\/afudel.cl\/sitio\/wp-json\/wp\/v2\/comments?post=34"}],"version-history":[{"count":40,"href":"https:\/\/afudel.cl\/sitio\/wp-json\/wp\/v2\/pages\/34\/revisions"}],"predecessor-version":[{"id":420,"href":"https:\/\/afudel.cl\/sitio\/wp-json\/wp\/v2\/pages\/34\/revisions\/420"}],"wp:attachment":[{"href":"https:\/\/afudel.cl\/sitio\/wp-json\/wp\/v2\/media?parent=34"}],"curies":[{"name":"wp","href":"https:\/\/api.w.org\/{rel}","templated":true}]}}