{"id":354,"date":"2025-11-10T18:43:49","date_gmt":"2025-11-10T18:43:49","guid":{"rendered":"https:\/\/afudel.cl\/sitio\/?page_id=354"},"modified":"2025-12-10T14:58:13","modified_gmt":"2025-12-10T14:58:13","slug":"linea-de-tiempo-de-equipos-directivos","status":"publish","type":"page","link":"https:\/\/afudel.cl\/sitio\/nosotros\/linea-de-tiempo-de-equipos-directivos\/","title":{"rendered":"L\u00ednea de Tiempo\u00a0de Equipos Directivos"},"content":{"rendered":"\n<p>Historial de cargos y per\u00edodos de vigencia desde 1994.<\/p>\n\n\n\n<h2 class=\"wp-block-heading\">L\u00ednea de Tiempo&nbsp;de Equipos Directivos<\/h2>\n\n\n\n<div id=\"wp-block-themeisle-blocks-timeline-655029da\" class=\"wp-block-themeisle-blocks-timeline\"><div class=\"o-timeline-root\">\n<div id=\"wp-block-themeisle-blocks-timeline-item-02e269b2\" class=\"wp-block-themeisle-blocks-timeline-item\"><div class=\"o-timeline-container\"><div class=\"o-timeline-icon\"><i class=\"fas fa-circle\"><\/i><\/div><div class=\"o-timeline-content\">\n<h3 class=\"wp-block-heading\"><strong>Per\u00edodo Actual\/Pr\u00f3ximo<\/strong><\/h3>\n\n\n\n<p><strong>Vigencia: 02-09-2024 al 02-09-2026<\/strong><\/p>\n\n\n\n<p>Claudio Andr\u00e9s \u00c1lvarez \u00c1lvarez:&nbsp;Presidente<\/p>\n\n\n\n<p>Alexis Jorge Calder\u00f3n San Juan:&nbsp;Tesorero<\/p>\n\n\n\n<p>Sady Narcy Aburto Bustos:&nbsp;Secretario<\/p>\n\n\n\n<p>V\u00edctor Hugo P\u00e9rez Garc\u00e9s:&nbsp;Director<\/p>\n<\/div><\/div><\/div>\n\n\n\n<div id=\"wp-block-themeisle-blocks-timeline-item-d84165f9\" class=\"wp-block-themeisle-blocks-timeline-item\"><div class=\"o-timeline-container\"><div class=\"o-timeline-icon\"><i class=\"fas fa-circle\"><\/i><\/div><div class=\"o-timeline-content\">\n<h3 class=\"wp-block-heading\"><strong>Per\u00edodo 2022-2024<\/strong><\/h3>\n\n\n\n<p><strong>Vigencia: 12-09-2022 al 12-09-2024<\/strong><\/p>\n\n\n\n<p>V\u00edctor Hugo P\u00e9rez Garces:&nbsp;Presidente<\/p>\n\n\n\n<p>Claudio Andr\u00e9s \u00c1lvarez \u00c1lvarez:&nbsp;Tesorero<\/p>\n\n\n\n<p>Sady Narcy Aburto Bustos:&nbsp;Secretario<\/p>\n<\/div><\/div><\/div>\n\n\n\n<div id=\"wp-block-themeisle-blocks-timeline-item-43af0a18\" class=\"wp-block-themeisle-blocks-timeline-item\"><div class=\"o-timeline-container\"><div class=\"o-timeline-icon\"><i class=\"fas fa-circle\"><\/i><\/div><div class=\"o-timeline-content\">\n<h3 class=\"wp-block-heading\"><strong>Per\u00edodo 2019-2022<\/strong><\/h3>\n\n\n\n<p><strong>Vigencia: 03-06-2019 al 16-12-2022<\/strong><\/p>\n\n\n\n<p>Pedro Ojeda Paredes:&nbsp;Director<\/p>\n\n\n\n<p>Jos\u00e9 Fernando Mardones Pindal:&nbsp;Presidente<\/p>\n\n\n\n<p>Sady Narcy Aburto Bustos:&nbsp;Secretario<\/p>\n\n\n\n<p>Karina Cabrera Maldonado:&nbsp;Tesorero<\/p>\n\n\n\n<p>Ver\u00f3nica Henr\u00edquez Hinostroza:&nbsp;Director<\/p>\n<\/div><\/div><\/div>\n\n\n\n<div id=\"wp-block-themeisle-blocks-timeline-item-507877aa\" class=\"wp-block-themeisle-blocks-timeline-item\"><div class=\"o-timeline-container\"><div class=\"o-timeline-icon\"><i class=\"fas fa-circle\"><\/i><\/div><div class=\"o-timeline-content\">\n<h3 class=\"wp-block-heading\"><strong>Per\u00edodo Intermedio 2018-2019<\/strong><\/h3>\n\n\n\n<p><strong>Vigencia: 20-07-2018 al 23-05-2019<\/strong><\/p>\n\n\n\n<p>Sady Narcy Aburto Bustos:&nbsp;(Sin Cargo Especificado)<\/p>\n\n\n\n<p class=\"has-small-font-size\"><\/p>\n<\/div><\/div><\/div>\n\n\n\n<div id=\"wp-block-themeisle-blocks-timeline-item-743e00ec\" class=\"wp-block-themeisle-blocks-timeline-item\"><div class=\"o-timeline-container\"><div class=\"o-timeline-icon\"><i class=\"fas fa-circle\"><\/i><\/div><div class=\"o-timeline-content\">\n<h3 class=\"wp-block-heading\"><strong>Per\u00edodo 2017-2019<\/strong><\/h3>\n\n\n\n<p><strong>Vigencia: 23-05-2017 al 23-05-2019<\/strong><\/p>\n\n\n\n<p>Nancy Oyarzo Uribe:&nbsp;(Sin Cargo Especificado)<\/p>\n\n\n\n<p>Jos\u00e9 Fernando Mardones Pindal:&nbsp;Primer Director<\/p>\n\n\n\n<p>Guillermo Segundo Arriagada Luengo:&nbsp;Segundo Director<\/p>\n\n\n\n<p>Ver\u00f3nica Henr\u00edquez Hinostroza:&nbsp;(Sin Cargo Especificado)<\/p>\n\n\n\n<p>Marcelo Iv\u00e1n Morales Mena:&nbsp;(Sin Cargo Especificado)<\/p>\n<\/div><\/div><\/div>\n\n\n\n<div id=\"wp-block-themeisle-blocks-timeline-item-16357f73\" class=\"wp-block-themeisle-blocks-timeline-item\"><div class=\"o-timeline-container\"><div class=\"o-timeline-icon\"><i class=\"fas fa-circle\"><\/i><\/div><div class=\"o-timeline-content\">\n<h3 class=\"wp-block-heading\"><strong>Per\u00edodo 2015-2017<\/strong><\/h3>\n\n\n\n<p><strong>Vigencia: 26-05-2015 al 26-05-2017<\/strong><\/p>\n\n\n\n<p>Luz Marina Guerrero Vargas:&nbsp;(Sin Cargo Especificado)<\/p>\n\n\n\n<p>Guillermo Segundo Arriagada Luengo:&nbsp;(Sin Cargo Especificado)<\/p>\n\n\n\n<p>Jorge Alberto Lorca Mateluna:&nbsp;(Sin Cargo Especificado)<\/p>\n\n\n\n<p>Leonel Patricio Villanueva Arriagada:&nbsp;(Sin Cargo Especificado)<\/p>\n\n\n\n<p>Sady Narcy Aburto Bustos:&nbsp;(Sin Cargo Especificado)<\/p>\n<\/div><\/div><\/div>\n\n\n\n<div id=\"wp-block-themeisle-blocks-timeline-item-4271d35b\" class=\"wp-block-themeisle-blocks-timeline-item\"><div class=\"o-timeline-container\"><div class=\"o-timeline-icon\"><i class=\"fas fa-circle\"><\/i><\/div><div class=\"o-timeline-content\">\n<h3 class=\"wp-block-heading\"><strong>Per\u00edodo 2013-2015<\/strong><\/h3>\n\n\n\n<p><strong>Vigencia: 16-05-2013 al 16-05-2015<\/strong><\/p>\n\n\n\n<p>Guillermo Segundo Arriagada Luengo:&nbsp;(Sin Cargo Especificado)<\/p>\n\n\n\n<p>Sady Narcy Aburto Bustos:&nbsp;(Sin Cargo Especificado)<\/p>\n\n\n\n<p>Leonel Patricio Villanueva Arriagada:&nbsp;(Sin Cargo Especificado)<\/p>\n\n\n\n<p>Luz Marina Guerrero Vargas:&nbsp;(Sin Cargo Especificado)<\/p>\n\n\n\n<p>Mar\u00eda Laura Quichel Abarca:&nbsp;(Sin Cargo Especificado)<\/p>\n<\/div><\/div><\/div>\n\n\n\n<div id=\"wp-block-themeisle-blocks-timeline-item-bae090c0\" class=\"wp-block-themeisle-blocks-timeline-item\"><div class=\"o-timeline-container\"><div class=\"o-timeline-icon\"><i class=\"fas fa-circle\"><\/i><\/div><div class=\"o-timeline-content\">\n<h3 class=\"wp-block-heading\"><strong>Per\u00edodo 2011-2013<\/strong><\/h3>\n\n\n\n<p><strong>Vigencia: 20-05-2011 al 20-05-2013<\/strong><\/p>\n\n\n\n<p>Sady Narcy Aburto Bustos:&nbsp;(Sin Cargo Especificado)<\/p>\n\n\n\n<p>Guillermo Segundo Arriagada Luengo:&nbsp;(Sin Cargo Especificado)<\/p>\n\n\n\n<p>Leonel Patricio Villanueva Arriagada:&nbsp;(Sin Cargo Especificado)<\/p>\n\n\n\n<p>Mar\u00eda Laura Quichel Abarca:&nbsp;(Sin Cargo Especificado)<\/p>\n\n\n\n<p>V\u00edctor Hugo P\u00e9rez Garces:&nbsp;(Sin Cargo Especificado)<\/p>\n<\/div><\/div><\/div>\n\n\n\n<div id=\"wp-block-themeisle-blocks-timeline-item-7c3748c9\" class=\"wp-block-themeisle-blocks-timeline-item\"><div class=\"o-timeline-container\"><div class=\"o-timeline-icon\"><i class=\"fas fa-circle\"><\/i><\/div><div class=\"o-timeline-content\">\n<h3 class=\"wp-block-heading\"><strong>Per\u00edodo 2010-2012<\/strong><\/h3>\n\n\n\n<p><strong>Vigencia: 12-01-2010 al 12-01-2012<\/strong><\/p>\n\n\n\n<p>Guillermo Segundo Arriagada Luengo:&nbsp;(Sin Cargo Especificado)<\/p>\n\n\n\n<p>V\u00edctor Hugo P\u00e9rez Garces:&nbsp;(Sin Cargo Especificado)<\/p>\n\n\n\n<p>Sady Narcy Aburto Bustos:&nbsp;Director<\/p>\n\n\n\n<p>H\u00e9ctor Delgado Fern\u00e1ndez:&nbsp;Director<\/p>\n\n\n\n<p>In\u00e9s Marialis Huanquil Fuentealba:&nbsp;(Sin Cargo Especificado)<\/p>\n<\/div><\/div><\/div>\n\n\n\n<div id=\"wp-block-themeisle-blocks-timeline-item-02c2dadf\" class=\"wp-block-themeisle-blocks-timeline-item\"><div class=\"o-timeline-container\"><div class=\"o-timeline-icon\"><i class=\"fas fa-circle\"><\/i><\/div><div class=\"o-timeline-content\">\n<h3 class=\"wp-block-heading\"><strong>Per\u00edodo 2007-2009<\/strong><\/h3>\n\n\n\n<p><strong>Vigencia: 23-04-2007 al 23-04-2009<\/strong><\/p>\n\n\n\n<p>Mar\u00eda Luisa Barrientos Garc\u00eda:&nbsp;(Sin Cargo Especificado)<\/p>\n\n\n\n<p>Michelle Caroline Partarrieu Vistoso:&nbsp;(Sin Cargo Especificado)<\/p>\n\n\n\n<p>Rodrigo Ignacio Mart\u00ednez G\u00f3mez:&nbsp;(Sin Cargo Especificado)<\/p>\n\n\n\n<p>Mar\u00eda Nelida Estela Villarroel Vejar:&nbsp;(Sin Cargo Especificado)<\/p>\n\n\n\n<p>In\u00e9s Marialis Huanquil Fuentealba:&nbsp;(Sin Cargo Especificado)<\/p>\n<\/div><\/div><\/div>\n\n\n\n<div id=\"wp-block-themeisle-blocks-timeline-item-efecf1f0\" class=\"wp-block-themeisle-blocks-timeline-item\"><div class=\"o-timeline-container\"><div class=\"o-timeline-icon\"><i class=\"fas fa-circle\"><\/i><\/div><div class=\"o-timeline-content\">\n<h3 class=\"wp-block-heading\"><strong>Per\u00edodo 2006-2008<\/strong><\/h3>\n\n\n\n<p><strong>Vigencia: 12-04-2006 al 12-04-2008<\/strong><\/p>\n\n\n\n<p>Hern\u00e1n Javier Gonz\u00e1lez Amthauer:&nbsp;(Sin Cargo Especificado)<\/p>\n\n\n\n<p>Marcela Ilicett Silva Castro:&nbsp;(Sin Cargo Especificado)<\/p>\n\n\n\n<p>Soledad Del Carmen Mancilla Carri\u00f3n:&nbsp;(Sin Cargo Especificado)<\/p>\n\n\n\n<p>Mar\u00eda Laura Quichel Abarca:&nbsp;(Sin Cargo Especificado)<\/p>\n\n\n\n<p>Leonel Patricio Villanueva Arriagada:&nbsp;(Sin Cargo Especificado)<\/p>\n<\/div><\/div><\/div>\n\n\n\n<div id=\"wp-block-themeisle-blocks-timeline-item-7484cd56\" class=\"wp-block-themeisle-blocks-timeline-item\"><div class=\"o-timeline-container\"><div class=\"o-timeline-icon\"><i class=\"fas fa-circle\"><\/i><\/div><div class=\"o-timeline-content\">\n<h3 class=\"wp-block-heading\"><strong>Per\u00edodo 2004-2006<\/strong><\/h3>\n\n\n\n<p><strong>Vigencia: 13-04-2004 al 13-04-2006<\/strong><\/p>\n\n\n\n<p>V\u00edctor Hugo P\u00e9rez Garces:&nbsp;(Sin Cargo Especificado)<\/p>\n\n\n\n<p>Leonel Patricio Villanueva Arriagada:&nbsp;(Sin Cargo Especificado)<\/p>\n\n\n\n<p>Omar Rodrigo Santana C\u00e1rcamo:&nbsp;(Sin Cargo Especificado)<\/p>\n<\/div><\/div><\/div>\n\n\n\n<div id=\"wp-block-themeisle-blocks-timeline-item-55d12a58\" class=\"wp-block-themeisle-blocks-timeline-item\"><div class=\"o-timeline-container\"><div class=\"o-timeline-icon\"><i class=\"fas fa-circle\"><\/i><\/div><div class=\"o-timeline-content\">\n<h3 class=\"wp-block-heading\"><strong>Per\u00edodo 2002-2004<\/strong><\/h3>\n\n\n\n<p><strong>Vigencia: 18-04-2002 al 18-04-2004<\/strong><\/p>\n\n\n\n<p>H\u00e9ctor Delgado Fern\u00e1ndez:&nbsp;(Sin Cargo Especificado)<\/p>\n\n\n\n<p>V\u00edctor Hugo P\u00e9rez Garces:&nbsp;(Sin Cargo Especificado)<\/p>\n\n\n\n<p>Sady Narcy Aburto Bustos:&nbsp;(Sin Cargo Especificado)<\/p>\n<\/div><\/div><\/div>\n\n\n\n<div id=\"wp-block-themeisle-blocks-timeline-item-368a393c\" class=\"wp-block-themeisle-blocks-timeline-item\"><div class=\"o-timeline-container\"><div class=\"o-timeline-icon\"><i class=\"fas fa-circle\"><\/i><\/div><div class=\"o-timeline-content\">\n<h3 class=\"wp-block-heading\"><strong>Per\u00edodo 2000-2002<\/strong><\/h3>\n\n\n\n<p><strong>Vigencia: 18-04-2000 al 18-04-2002<\/strong><\/p>\n\n\n\n<p>Sady Narcy Aburto Bustos:&nbsp;(Sin Cargo Especificado)<\/p>\n\n\n\n<p>H\u00e9ctor Delgado Fern\u00e1ndez:&nbsp;(Sin Cargo Especificado)<\/p>\n\n\n\n<p>V\u00edctor Hugo P\u00e9rez Garces:&nbsp;(Sin Cargo Especificado)<\/p>\n<\/div><\/div><\/div>\n\n\n\n<div id=\"wp-block-themeisle-blocks-timeline-item-8ad939fa\" class=\"wp-block-themeisle-blocks-timeline-item\"><div class=\"o-timeline-container\"><div class=\"o-timeline-icon\"><i class=\"fas fa-circle\"><\/i><\/div><div class=\"o-timeline-content\">\n<h3 class=\"wp-block-heading\"><strong>Per\u00edodo 1998-2000<\/strong><\/h3>\n\n\n\n<p><strong>Vigencia: 08-04-1998 al 03-01-2000<\/strong><\/p>\n\n\n\n<p>Noelia Saldivia Miranda:&nbsp;(Sin Cargo Especificado)<\/p>\n\n\n\n<p>Luz Marina Guerrero Vargas:&nbsp;(Sin Cargo Especificado)<\/p>\n\n\n\n<p>Juan Chaipul Huisca:&nbsp;(Sin Cargo Especificado)<\/p>\n<\/div><\/div><\/div>\n\n\n\n<div id=\"wp-block-themeisle-blocks-timeline-item-694d8115\" class=\"wp-block-themeisle-blocks-timeline-item\"><div class=\"o-timeline-container\"><div class=\"o-timeline-icon\"><i class=\"fas fa-circle\"><\/i><\/div><div class=\"o-timeline-content\">\n<h3 class=\"wp-block-heading\"><strong>Per\u00edodo 1996-1998<\/strong><\/h3>\n\n\n\n<p><strong>Vigencia: 26-04-1996 al 08-04-1998<\/strong><\/p>\n\n\n\n<p>Javier Enrique Breca Cer\u00f3n:&nbsp;(Sin Cargo Especificado)<\/p>\n\n\n\n<p>Jaime Ricardo Hern\u00e1ndez Ba\u00f1ados:&nbsp;(Sin Cargo Especificado)<\/p>\n\n\n\n<p>Sady Narcy Aburto Bustos:&nbsp;(Sin Cargo Especificado)<\/p>\n<\/div><\/div><\/div>\n\n\n\n<div id=\"wp-block-themeisle-blocks-timeline-item-4afe6265\" class=\"wp-block-themeisle-blocks-timeline-item\"><div class=\"o-timeline-container\"><div class=\"o-timeline-icon\"><i class=\"fas fa-circle\"><\/i><\/div><div class=\"o-timeline-content\">\n<h3 class=\"wp-block-heading\"><strong>Per\u00edodo Inicial 1994-1996<\/strong><\/h3>\n\n\n\n<p><strong>Vigencia: 12-08-1994 al 12-08-1996<\/strong><\/p>\n\n\n\n<p>H\u00e9ctor Delgado Fern\u00e1ndez:&nbsp;(Sin Cargo Especificado)<\/p>\n\n\n\n<p>Ignacio Arteaga Miranda:&nbsp;(Sin Cargo Especificado)<\/p>\n\n\n\n<p>Rosa R\u00edos Salazar:&nbsp;(Sin Cargo Especificado)<\/p>\n<\/div><\/div><\/div>\n<\/div><\/div>\n","protected":false},"excerpt":{"rendered":"<p>Historial de cargos y per\u00edodos de vigencia desde 1994. L\u00ednea de Tiempo&nbsp;de Equipos Directivos<\/p>\n","protected":false},"author":1,"featured_media":0,"parent":35,"menu_order":0,"comment_status":"closed","ping_status":"closed","template":"","meta":{"_themeisle_gutenberg_block_has_review":false,"footnotes":""},"class_list":["post-354","page","type-page","status-publish","hentry"],"_links":{"self":[{"href":"https:\/\/afudel.cl\/sitio\/wp-json\/wp\/v2\/pages\/354","targetHints":{"allow":["GET"]}}],"collection":[{"href":"https:\/\/afudel.cl\/sitio\/wp-json\/wp\/v2\/pages"}],"about":[{"href":"https:\/\/afudel.cl\/sitio\/wp-json\/wp\/v2\/types\/page"}],"author":[{"embeddable":true,"href":"https:\/\/afudel.cl\/sitio\/wp-json\/wp\/v2\/users\/1"}],"replies":[{"embeddable":true,"href":"https:\/\/afudel.cl\/sitio\/wp-json\/wp\/v2\/comments?post=354"}],"version-history":[{"count":9,"href":"https:\/\/afudel.cl\/sitio\/wp-json\/wp\/v2\/pages\/354\/revisions"}],"predecessor-version":[{"id":425,"href":"https:\/\/afudel.cl\/sitio\/wp-json\/wp\/v2\/pages\/354\/revisions\/425"}],"up":[{"embeddable":true,"href":"https:\/\/afudel.cl\/sitio\/wp-json\/wp\/v2\/pages\/35"}],"wp:attachment":[{"href":"https:\/\/afudel.cl\/sitio\/wp-json\/wp\/v2\/media?parent=354"}],"curies":[{"name":"wp","href":"https:\/\/api.w.org\/{rel}","templated":true}]}}